{"id":3838,"date":"2016-04-19T15:22:34","date_gmt":"2016-04-19T13:22:34","guid":{"rendered":"http:\/\/www.equadro.com\/schede-elettroniche-personalizzate-copy\/"},"modified":"2021-05-12T15:10:33","modified_gmt":"2021-05-12T13:10:33","slug":"elettronica-custom","status":"publish","type":"page","link":"https:\/\/www.equadro.com\/en\/servizi\/elettronica-custom\/","title":{"rendered":"Elettronica custom"},"content":{"rendered":"<p>[et_pb_section fb_built=&#8221;1&#8243; _builder_version=&#8221;4.9.4&#8243; _module_preset=&#8221;default&#8221; hover_enabled=&#8221;0&#8243; sticky_enabled=&#8221;0&#8243;][et_pb_row _builder_version=&#8221;4.9.4&#8243; _module_preset=&#8221;default&#8221; width=&#8221;100%&#8221; max_width=&#8221;2560px&#8221;][et_pb_column type=&#8221;4_4&#8243; _builder_version=&#8221;4.9.4&#8243; _module_preset=&#8221;default&#8221;][et_pb_text _builder_version=&#8221;4.9.4&#8243; _module_preset=&#8221;default&#8221; header_font=&#8221;|300|||||||&#8221; header_text_color=&#8221;#7f7f7f&#8221; header_font_size=&#8221;49px&#8221; header_letter_spacing=&#8221;-2.5px&#8221; header_2_font=&#8221;|300|||||||&#8221; header_2_text_color=&#8221;#7f7f7f&#8221; header_2_font_size=&#8221;32px&#8221; hover_enabled=&#8221;0&#8243; admin_label=&#8221;\u00a0 \u00a0 \u00a0 Elettronica Custom&#8221; sticky_enabled=&#8221;0&#8243;]<\/p>\n<h2>\u00a0 \u00a0 \u00a0 Elettronica Custom<\/h2>\n<p>[\/et_pb_text][et_pb_divider color=&#8221;#e2e2e2&#8243; _builder_version=&#8221;4.9.4&#8243; _module_preset=&#8221;default&#8221; width=&#8221;100%&#8221; max_width=&#8221;100%&#8221; min_height=&#8221;10px&#8221; height=&#8221;10px&#8221; max_height=&#8221;10px&#8221;][\/et_pb_divider][\/et_pb_column][\/et_pb_row][et_pb_row column_structure=&#8221;1_4,3_4&#8243; use_custom_gutter=&#8221;on&#8221; gutter_width=&#8221;2&#8243; _builder_version=&#8221;4.9.4&#8243; _module_preset=&#8221;default&#8221; width=&#8221;90%&#8221; custom_margin=&#8221;||||false|false&#8221; custom_padding=&#8221;||||false|false&#8221; hover_enabled=&#8221;0&#8243; sticky_enabled=&#8221;0&#8243;][et_pb_column type=&#8221;1_4&#8243; _builder_version=&#8221;4.9.4&#8243; _module_preset=&#8221;default&#8221;][et_pb_menu menu_id=&#8221;8&#8243; _builder_version=&#8221;4.9.4&#8243; _module_preset=&#8221;default&#8221; menu_font=&#8221;|300|||||||&#8221; menu_font_size=&#8221;13px&#8221; hover_enabled=&#8221;0&#8243; custom_css_dropdown_links=&#8221;border-bottom: 1px dotted #e2e2e2;||padding: 8px 4px 8px 0;&#8221; sticky_enabled=&#8221;0&#8243;][\/et_pb_menu][\/et_pb_column][et_pb_column type=&#8221;3_4&#8243; _builder_version=&#8221;4.9.4&#8243; _module_preset=&#8221;default&#8221;][et_pb_text admin_label=&#8221;Elettronica custom  &#8221; _builder_version=&#8221;4.9.4&#8243; header_font=&#8221;|300|||||||&#8221; header_font_size=&#8221;49px&#8221; header_letter_spacing=&#8221;-2.5px&#8221; header_2_font=&#8221;|300|||||||&#8221; header_2_font_size=&#8221;32px&#8221; background_size=&#8221;initial&#8221; background_position=&#8221;top_left&#8221; background_repeat=&#8221;repeat&#8221; custom_margin=&#8221;||12px||false|false&#8221;]<\/p>\n<h1>Elettronica custom<\/h1>\n<p>[\/et_pb_text][et_pb_text admin_label=&#8221;Diamo vita alle tue idee&#8221; _builder_version=&#8221;4.9.4&#8243; _module_preset=&#8221;default&#8221; header_2_font=&#8221;|300|||||||&#8221; header_2_font_size=&#8221;32px&#8221;]<\/p>\n<h2>Diamo vita alle tue idee<\/h2>\n<p>[\/et_pb_text][et_pb_image src=&#8221;https:\/\/www.equadro.com\/wp-content\/uploads\/2016\/04\/elettronica-custom.jpg&#8221; alt=&#8221;Elettronica Custom&#8221; title_text=&#8221;elettronica-custom&#8221; admin_label=&#8221;Immagine&#8221; _builder_version=&#8221;4.9.4&#8243; _module_preset=&#8221;default&#8221;][\/et_pb_image][et_pb_text _builder_version=&#8221;4.9.4&#8243; _module_preset=&#8221;default&#8221;]<\/p>\n<p>Con il termine \u00ab<strong>elettronica custom<\/strong>\u00bb si intendono tutte quelle attivit\u00e0 volte a realizzare sistemi e componenti progettati su misura o modificati su richiesta per adattarsi in tutto e per tutto a dispositivi, meccanismi, spazi, utilizzi e ambienti diversi.<\/p>\n<p>Il nostro team di ingegneri esperti \u00e8 in grado di <strong>realizzare componenti per l\u2019elettronica custom<\/strong> come hardware, firmware e software personalizzabili in base alle necessit\u00e0 di ogni singola azienda.<\/p>\n<p>Dal food machinery alla termoregolazione, dalla home automation ai motori a 3 assi, dall\u2019illuminazione a led all\u2019interfaccia utente: sono solo alcuni degli ambiti in cui le nostre business unit si sono specializzate nel corso degli anni.<\/p>\n<p>Le nostre <strong>schede elettroniche<\/strong> possono essere gi\u00e0 pronte o custom, personalizzate su misura. Sono adatte a settori produttivi e di ricerca per realizzare strumentazioni medicali, fotovoltaici, illuminotecnici, domotici e molto altro ancora.<\/p>\n<p>[\/et_pb_text][et_pb_text admin_label=&#8221;Brevettiamo il futuro per rinnovare il presente.&#8221; _builder_version=&#8221;4.9.4&#8243; _module_preset=&#8221;default&#8221; header_2_font=&#8221;|300|||||||&#8221; header_2_font_size=&#8221;32px&#8221;]<\/p>\n<h2>Brevettiamo il futuro per rinnovare il presente.<\/h2>\n<p>[\/et_pb_text][et_pb_text _builder_version=&#8221;4.9.4&#8243; _module_preset=&#8221;default&#8221;]<\/p>\n<p>Il tutto avviene in completa sicurezza, monitorando ogni fase di lavoro e nel rispetto delle normative internazionali CE, CSA, UL. Prima di installare qualsiasi componente di elettronica custom effettuiamo test funzionali, in temperatura e in umidit\u00e0, per valutare la compatibilit\u00e0 elettromagnetica e assicurarci che le schede elettroniche inviino ai dispositivi di monitoraggio dati corretti e pi\u00f9 precisi possibili.<\/p>\n<p>Grazie alla nostra tecnologia e-cloud system, infatti, tenere sotto controllo i macchinari installati, anche le <strong>schede elettroniche custom<\/strong>, in qualsiasi parte del mondo, \u00e8 semplice, veloce e compatibile con i sistemi operativi iOS e Android dei pi\u00f9 comuni dispositivi di comunicazione mobile.<\/p>\n<p>Finora, abbiamo realizzato, testato e certificato diverse soluzioni di <strong>elettronica custom<\/strong>, tra cui ad esempio schede elettroniche per il controllo e il comando di macchinari kitchen, pannelli touch grafici personalizzabili, alimentatori per lampade a led, centraline per il telecontrollo e per la telemetria industriale, dispositivi per la conversione di protocolli e schede elettroniche personalizzate per la frenatura e l\u2019inversione di marcia di motori monofase e trifase.<\/p>\n<p>[\/et_pb_text][et_pb_divider show_divider=&#8221;off&#8221; admin_label=&#8221;Modulo Separatore&#8221; _builder_version=&#8221;4.9.4&#8243; _module_preset=&#8221;default&#8221;][\/et_pb_divider][et_pb_text admin_label=&#8221;Vuoi ricevere maggiori informazioni? Contattaci subito!&#8221; _builder_version=&#8221;4.9.4&#8243; _module_preset=&#8221;default&#8221; background_color=&#8221;#f7f7f7&#8243; border_width_all=&#8221;1px&#8221; border_color_all=&#8221;#f0f0f0&#8243;]<\/p>\n<p>&nbsp;<\/p>\n<p style=\"text-align: center;\">Vuoi ricevere maggiori informazioni? <a href=\"https:\/\/www.equadro.com\/contatti\/\">Contattaci subito!<\/a><\/p>\n<p>&nbsp;<\/p>\n<p>[\/et_pb_text][\/et_pb_column][\/et_pb_row][\/et_pb_section]<\/p>\n","protected":false},"excerpt":{"rendered":"<p>\u00a0 \u00a0 \u00a0 Elettronica CustomElettronica customDiamo vita alle tue ideeCon il termine \u00abelettronica custom\u00bb si intendono tutte quelle attivit\u00e0 volte a realizzare sistemi e componenti progettati su misura o modificati su richiesta per adattarsi in tutto e per tutto a dispositivi, meccanismi, spazi, utilizzi e ambienti diversi. Il nostro team di ingegneri esperti \u00e8 in [&hellip;]<\/p>\n","protected":false},"author":5,"featured_media":0,"parent":3174,"menu_order":0,"comment_status":"closed","ping_status":"closed","template":"","meta":{"_et_pb_use_builder":"on","_et_pb_old_content":"<p>[vc_row][vc_column width=\"1\/3\"][vc_wp_custommenu nav_menu=\"62\"][\/vc_column][vc_column width=\"2\/3\"][vc_column_text]<\/p><h1>Elettronica custom<\/h1><h2>Diamo vita alle tue idee<\/h2><p>[\/vc_column_text][vc_single_image image=\"3943\" img_size=\"full\"][distance][vc_column_text]Con il termine \u00ab<strong>elettronica custom<\/strong>\u00bb si intendono tutte quelle attivit\u00e0 volte a realizzare sistemi e componenti progettati su misura o modificati su richiesta per adattarsi in tutto e per tutto a dispositivi, meccanismi, spazi, utilizzi e ambienti diversi.<br \/>Il nostro team di ingegneri esperti \u00e8 in grado di <strong>realizzare componenti per l\u2019elettronica custom<\/strong> come hardware, firmware e software personalizzabili in base alle necessit\u00e0 di ogni singola azienda.<br \/>Dal food machinery alla termoregolazione, dalla home automation ai motori a 3 assi, dall\u2019illuminazione a led all\u2019interfaccia utente: sono solo alcuni degli ambiti in cui le nostre business unit si sono specializzate nel corso degli anni.<br \/>Le nostre <strong>schede elettroniche<\/strong> possono essere gi\u00e0 pronte o custom, personalizzate su misura. Sono adatte a settori produttivi e di ricerca per realizzare strumentazioni medicali, fotovoltaici, illuminotecnici, domotici e molto altro ancora.<\/p><h3>Brevettiamo il futuro per rinnovare il presente.<\/h3><p>Il tutto avviene in completa sicurezza, monitorando ogni fase di lavoro e nel rispetto delle normative internazionali CE, CSA, UL. Prima di installare qualsiasi componente di elettronica custom effettuiamo test funzionali, in temperatura e in umidit\u00e0, per valutare la compatibilit\u00e0 elettromagnetica e assicurarci che le schede elettroniche inviino ai dispositivi di monitoraggio dati corretti e pi\u00f9 precisi possibili.<br \/>Grazie alla nostra tecnologia e-cloud system, infatti, tenere sotto controllo i macchinari installati, anche le <strong>schede elettroniche custom<\/strong>, in qualsiasi parte del mondo, \u00e8 semplice, veloce e compatibile con i sistemi operativi iOS e Android dei pi\u00f9 comuni dispositivi di comunicazione mobile.<br \/>Finora, abbiamo realizzato, testato e certificato diverse soluzioni di <strong>elettronica custom<\/strong>, tra cui ad esempio schede elettroniche per il controllo e il comando di macchinari kitchen, pannelli touch grafici personalizzabili, alimentatori per lampade a led, centraline per il telecontrollo e per la telemetria industriale, dispositivi per la conversione di protocolli e schede elettroniche personalizzate per la frenatura e l\u2019inversione di marcia di motori monofase e trifase.[\/vc_column_text][distance][vc_cta h2=\"\" shape=\"square\"]Vuoi ricevere maggiori informazioni? <a href=\"\/?page_id=3180\">Contattaci subito!<\/a>[\/vc_cta][\/vc_column][\/vc_row]<\/p>","_et_gb_content_width":"","footnotes":""},"class_list":["post-3838","page","type-page","status-publish","hentry"],"_links":{"self":[{"href":"https:\/\/www.equadro.com\/en\/wp-json\/wp\/v2\/pages\/3838","targetHints":{"allow":["GET"]}}],"collection":[{"href":"https:\/\/www.equadro.com\/en\/wp-json\/wp\/v2\/pages"}],"about":[{"href":"https:\/\/www.equadro.com\/en\/wp-json\/wp\/v2\/types\/page"}],"author":[{"embeddable":true,"href":"https:\/\/www.equadro.com\/en\/wp-json\/wp\/v2\/users\/5"}],"replies":[{"embeddable":true,"href":"https:\/\/www.equadro.com\/en\/wp-json\/wp\/v2\/comments?post=3838"}],"version-history":[{"count":36,"href":"https:\/\/www.equadro.com\/en\/wp-json\/wp\/v2\/pages\/3838\/revisions"}],"predecessor-version":[{"id":4861,"href":"https:\/\/www.equadro.com\/en\/wp-json\/wp\/v2\/pages\/3838\/revisions\/4861"}],"up":[{"embeddable":true,"href":"https:\/\/www.equadro.com\/en\/wp-json\/wp\/v2\/pages\/3174"}],"wp:attachment":[{"href":"https:\/\/www.equadro.com\/en\/wp-json\/wp\/v2\/media?parent=3838"}],"curies":[{"name":"wp","href":"https:\/\/api.w.org\/{rel}","templated":true}]}}